{"id":29224,"date":"2021-03-05T15:05:42","date_gmt":"2021-03-05T14:05:42","guid":{"rendered":"https:\/\/dr-nanan-mtc.ch\/news-links\/"},"modified":"2021-03-05T15:05:43","modified_gmt":"2021-03-05T14:05:43","slug":"news-links","status":"publish","type":"page","link":"https:\/\/dr-nanan-mtc.ch\/en\/news-links\/","title":{"rendered":"NEWS &#038; LiNkS"},"content":{"rendered":"<p>[et_pb_section fb_built=&#8221;1&#8243; admin_label=&#8221;Header&#8221; _builder_version=&#8221;4.9.0&#8243; use_background_color_gradient=&#8221;on&#8221; background_color_gradient_start=&#8221;#7ed3bd&#8221; background_color_gradient_end=&#8221;rgba(126,211,189,0.29)&#8221; background_color_gradient_direction=&#8221;221deg&#8221; background_color_gradient_end_position=&#8221;42%&#8221; background_image=&#8221;https:\/\/dr-nanan-mtc.ch\/wp-content\/uploads\/2021\/02\/vet-01-1.png&#8221; background_size=&#8221;initial&#8221; background_position=&#8221;bottom_center&#8221; custom_padding=&#8221;66px|||||&#8221; background_last_edited=&#8221;on|phone&#8221; use_background_color_gradient_tablet=&#8221;on&#8221; use_background_color_gradient_phone=&#8221;on&#8221; background_color_gradient_end_tablet=&#8221;rgba(255,112,0,0)&#8221; background_color_gradient_end_phone=&#8221;rgba(255,112,0,0)&#8221; background_color_gradient_direction_tablet=&#8221;180deg&#8221; background_color_gradient_start_position_phone=&#8221;36%&#8221; background_color_gradient_end_position_tablet=&#8221;100%&#8221; background_color_gradient_end_position_phone=&#8221;100%&#8221; background_image_tablet=&#8221;http:\/\/zaib.sandbox.etdevs.com\/divi\/wp-content\/uploads\/sites\/2\/2019\/05\/vet-03.png&#8221; background_size_tablet=&#8221;cover&#8221; background_position_tablet=&#8221;bottom_center&#8221; border_style_all_tablet=&#8221;&#8221; border_style_all_phone=&#8221;&#8221; border_style_all_last_edited=&#8221;on|tablet&#8221;][et_pb_row column_structure=&#8221;1_2,1_2&#8243; _builder_version=&#8221;4.9.0&#8243; z_index=&#8221;10&#8243; custom_padding=&#8221;||0px|||&#8221;][et_pb_column type=&#8221;1_2&#8243; _builder_version=&#8221;3.25&#8243; custom_padding=&#8221;60px||40px|&#8221; custom_padding_tablet=&#8221;0px|||&#8221; custom_padding_phone=&#8221;&#8221; custom_padding_last_edited=&#8221;on|tablet&#8221; custom_padding__hover=&#8221;|||&#8221;][et_pb_text _builder_version=&#8221;4.9.0&#8243; text_font=&#8221;||||||||&#8221; text_line_height=&#8221;1.8em&#8221; custom_margin=&#8221;||-1px|||&#8221; custom_padding=&#8221;||0px|||&#8221; text_font_size_tablet=&#8221;&#8221; text_font_size_phone=&#8221;&#8221; text_font_size_last_edited=&#8221;on|phone&#8221;]<\/p>\n<h1>NEWS<\/h1>\n<p>[\/et_pb_text][et_pb_text _builder_version=&#8221;4.9.0&#8243; _module_preset=&#8221;default&#8221;]<\/p>\n<p>While it is clear that traditional Chinese medicine and alternative medicines cannot treat or cure COVID, they can help alleviate medium- and long-term effects such as breathing problems, fatigue, post-traumatic stress and pain.<\/p>\n<p>[\/et_pb_text][et_pb_text _builder_version=&#8221;4.9.0&#8243; text_font=&#8221;||||||||&#8221; text_line_height=&#8221;1.8em&#8221; custom_margin=&#8221;||0px|||&#8221; custom_padding=&#8221;||0px|||&#8221; text_font_size_tablet=&#8221;&#8221; text_font_size_phone=&#8221;&#8221; text_font_size_last_edited=&#8221;on|phone&#8221;]<\/p>\n<h1>LINKS<\/h1>\n<p>[\/et_pb_text][et_pb_text _builder_version=&#8221;4.9.0&#8243; _module_preset=&#8221;default&#8221;]<\/p>\n<p><a href=\"https:\/\/www.agmar.ch\/\" target=\"_blank\" rel=\"noopener noreferrer\">AGMAR<\/a><\/p>\n<p><a href=\"https:\/\/amge.ch\/\" target=\"_blank\" rel=\"noopener noreferrer\">AMGe<\/a> : Association des m\u00e9decins genevois<\/p>\n<p><a href=\"https:\/\/akupunktur-tcm.ch\/en-generale\/asa\/?L=1\" target=\"_blank\" rel=\"noopener noreferrer\">ASA<\/a> : Association suisse d&#8217;acupuncture<\/p>\n<p><a href=\"https:\/\/www.fedlex.admin.ch\/eli\/oc\/2009\/633\/fr\" target=\"_blank\" rel=\"noopener noreferrer\">Constitution suisse<\/a> (article 118a)<\/p>\n<p><a href=\"https:\/\/www.who.int\/fr\" target=\"_blank\" rel=\"noopener noreferrer\">OMS \u00a0<\/a><\/p>\n<p><a href=\"https:\/\/meridiens.org\/asmaf\/\" target=\"_blank\" rel=\"noopener noreferrer\">Revue M\u00e9ridiens<\/a><\/p>\n<p><a href=\"http:\/\/www.romedco.ch\/\" target=\"_blank\" rel=\"noopener noreferrer\">ROMEDCO<\/a> : Association romande pour le d\u00e9veloppement et l\u2019int\u00e9gration des m\u00e9decines compl\u00e9mentaires<\/p>\n<p>[\/et_pb_text][\/et_pb_column][et_pb_column type=&#8221;1_2&#8243; _builder_version=&#8221;3.25&#8243; custom_padding=&#8221;|||&#8221; custom_padding__hover=&#8221;|||&#8221;][\/et_pb_column][\/et_pb_row][\/et_pb_section][et_pb_section fb_built=&#8221;1&#8243; prev_background_color=&#8221;#ffffff&#8221; admin_label=&#8221;Services&#8221; _builder_version=&#8221;4.8.1&#8243; background_color=&#8221;rgba(36,201,179,0.3)&#8221; background_enable_image=&#8221;off&#8221; background_size=&#8221;initial&#8221; background_position=&#8221;bottom_center&#8221; custom_padding=&#8221;10vw||&#8221; top_divider_style=&#8221;wave&#8221; top_divider_height=&#8221;20vw&#8221;][et_pb_row column_structure=&#8221;1_2,1_2&#8243; _builder_version=&#8221;3.25&#8243;][et_pb_column type=&#8221;1_2&#8243; _builder_version=&#8221;3.25&#8243; custom_padding=&#8221;|||&#8221; custom_padding__hover=&#8221;|||&#8221;][et_pb_text _builder_version=&#8221;4.8.1&#8243; _module_preset=&#8221;default&#8221;]<\/p>\n<h2>Further reading<\/h2>\n<p>[\/et_pb_text][et_pb_text _builder_version=&#8221;4.9.0&#8243; _module_preset=&#8221;default&#8221;]<\/p>\n<p>Pelissier-Simart L, Xhignesse. <strong>Qu&#8217;est-ce que la m\u00e9decine int\u00e9grative ?<\/strong> Le M\u00e9decin du Qu\u00e9bec, 2008 43:21<\/p>\n<p>[\/et_pb_text][et_pb_text _builder_version=&#8221;4.9.0&#8243; _module_preset=&#8221;default&#8221;]<\/p>\n<p>Bauer Brent A. <strong>Guide de la m\u00e9decine int\u00e9grative de la Clinique Mayo : Quand la m\u00e9decine traditionnelle s&#8217;allie \u00e0 la m\u00e9decine compl\u00e9mentaire<\/strong>. Editions Plan\u00e8te Sant\u00e9. 2020<\/p>\n<p>[\/et_pb_text][et_pb_text _builder_version=&#8221;4.9.0&#8243; _module_preset=&#8221;default&#8221;]<\/p>\n<p>Malnic \u00c9velyne. <strong>Acupuncture : l&#8217;histoire de la pratique d&#8217;une m\u00e9decine ancestrale<\/strong>. Editions du Seuil, 2003<\/p>\n<p>[\/et_pb_text][et_pb_text _builder_version=&#8221;4.9.0&#8243; _module_preset=&#8221;default&#8221;]<\/p>\n<p>Docteur Nadia VOLF\u00a0<strong>La symphonie des m\u00e9ridiens du corps.\u00a0<\/strong>Editeur Guy Tr\u00e9daniel \/Collection \u00e0 coeur battant 2020<\/p>\n<p>[\/et_pb_text][et_pb_text _builder_version=&#8221;4.9.0&#8243; _module_preset=&#8221;default&#8221;]<\/p>\n<p>Lukas, Josselyne; Fargeas, Nicole. <strong>Quand la di\u00e9t\u00e9tique chinoise rencontre la cuisine fran\u00e7aise<\/strong>. Editions du Rouergue, 2016<\/p>\n<p>[\/et_pb_text][et_pb_text _builder_version=&#8221;4.9.0&#8243; _module_preset=&#8221;default&#8221;]<\/p>\n<p>Carol K.ANTHONY &amp; Hanna MOOG\u00a0<strong>Yi King, la voie du cosmos<\/strong> Editions Cam\u00e9lines, 2018<\/p>\n<p>[\/et_pb_text][et_pb_text _builder_version=&#8221;4.9.0&#8243; _module_preset=&#8221;default&#8221;]<\/p>\n<p><strong>Les promesses de la m\u00e9decine chinoise : la tradition \u00e0 la rescousse de la science<\/strong>. National geographic, janvier 2019<\/p>\n<p>[\/et_pb_text][et_pb_text _builder_version=&#8221;4.9.0&#8243; _module_preset=&#8221;default&#8221;]<\/p>\n<p><strong>M\u00e9decines du monde : Ayurv\u00e9da, pharmacop\u00e9e chinoise, chamanisme&#8230; Ce que les m\u00e9decines ancestrales et les rites d&#8217;ailleures nous enseignent encore aujourd&#8217;hui<\/strong>. GEOEXTRA, Ao\u00fbt-septembre-octobre 2016, No 7<\/p>\n<p>[\/et_pb_text][et_pb_text _builder_version=&#8221;4.9.0&#8243; _module_preset=&#8221;default&#8221;]<\/p>\n<p>China Association for Acunpuncture ans Moxibustion CAAM. <strong>Recommandations sur l&#8217;utilisation de l&#8217;acupuncture et la moxibustion dans le traitement du COVID-19<\/strong>. 2020<\/p>\n<p>[\/et_pb_text][\/et_pb_column][et_pb_column type=&#8221;1_2&#8243; _builder_version=&#8221;3.25&#8243; custom_padding=&#8221;|||&#8221; custom_padding__hover=&#8221;|||&#8221;][\/et_pb_column][\/et_pb_row][\/et_pb_section]<\/p>\n","protected":false},"excerpt":{"rendered":"<p>NEWSWhile it is clear that traditional Chinese medicine and alternative medicines cannot treat or cure COVID, they can help alleviate medium- and long-term effects such as breathing problems, fatigue, post-traumatic stress and pain.LINKSAGMAR AMGe : Association des m\u00e9decins genevois ASA : Association suisse d&#8217;acupuncture Constitution suisse (article 118a) OMS \u00a0 Revue M\u00e9ridiens ROMEDCO : Association [&hellip;]<\/p>\n","protected":false},"author":1,"featured_media":0,"parent":0,"menu_order":0,"comment_status":"closed","ping_status":"closed","template":"","meta":{"_et_pb_use_builder":"on","_et_pb_old_content":"","_et_gb_content_width":"","_monsterinsights_skip_tracking":false,"_monsterinsights_sitenote_active":false,"_monsterinsights_sitenote_note":"","_monsterinsights_sitenote_category":0,"footnotes":""},"class_list":["post-29224","page","type-page","status-publish","hentry"],"_links":{"self":[{"href":"https:\/\/dr-nanan-mtc.ch\/en\/wp-json\/wp\/v2\/pages\/29224","targetHints":{"allow":["GET"]}}],"collection":[{"href":"https:\/\/dr-nanan-mtc.ch\/en\/wp-json\/wp\/v2\/pages"}],"about":[{"href":"https:\/\/dr-nanan-mtc.ch\/en\/wp-json\/wp\/v2\/types\/page"}],"author":[{"embeddable":true,"href":"https:\/\/dr-nanan-mtc.ch\/en\/wp-json\/wp\/v2\/users\/1"}],"replies":[{"embeddable":true,"href":"https:\/\/dr-nanan-mtc.ch\/en\/wp-json\/wp\/v2\/comments?post=29224"}],"version-history":[{"count":2,"href":"https:\/\/dr-nanan-mtc.ch\/en\/wp-json\/wp\/v2\/pages\/29224\/revisions"}],"predecessor-version":[{"id":29226,"href":"https:\/\/dr-nanan-mtc.ch\/en\/wp-json\/wp\/v2\/pages\/29224\/revisions\/29226"}],"wp:attachment":[{"href":"https:\/\/dr-nanan-mtc.ch\/en\/wp-json\/wp\/v2\/media?parent=29224"}],"curies":[{"name":"wp","href":"https:\/\/api.w.org\/{rel}","templated":true}]}}